{"id":1533,"date":"2020-03-30T22:14:39","date_gmt":"2020-03-30T22:14:39","guid":{"rendered":"http:\/\/desenv.visaoplus.pt\/?page_id=1533"},"modified":"2025-05-11T20:41:01","modified_gmt":"2025-05-11T20:41:01","slug":"privacy-policy","status":"publish","type":"page","link":"https:\/\/visaoplus.pt\/fr\/privacy-policy\/","title":{"rendered":"Politique de confidentialit\u00e9"},"content":{"rendered":"\n<h2 class=\"wp-block-heading\"><strong>Qui nous sommes<\/strong><\/h2>\n\n\n\n<p>L&rsquo;adresse de notre site Web est: https:\/\/visaoplus.pt<\/p>\n\n\n\n<h2 class=\"wp-block-heading\"><strong>Quelles donn\u00e9es personnelles nous collectons et pourquoi<\/strong><\/h2>\n\n\n\n<h3 class=\"wp-block-heading\"><strong>Commentaires<\/strong><\/h3>\n\n\n\n<p>Lorsque les visiteurs laissent des commentaires sur le site, nous collectons les donn\u00e9es affich\u00e9es dans le formulaire de commentaires, ainsi que l&rsquo;adresse IP du visiteur et la cha\u00eene d&rsquo;agent utilisateur du navigateur pour faciliter la d\u00e9tection du spam.<\/p>\n\n\n\n<p>Une cha\u00eene anonymis\u00e9e cr\u00e9\u00e9e \u00e0 partir de votre adresse e-mail (\u00e9galement appel\u00e9e hachage) peut \u00eatre fournie au service Gravatar pour voir si vous l&rsquo;utilisez. La politique de confidentialit\u00e9 du service Gravatar est disponible ici: https:\/\/automattic.com\/privacy\/. Apr\u00e8s approbation de votre commentaire, votre photo de profil est visible au public dans le cadre de votre engagement.<\/p>\n\n\n\n<h3 class=\"wp-block-heading\"><strong>Formulaires de contact<\/strong><\/h3>\n\n\n\n<p>Nous conservons les formulaires de contact pendant une certaine p\u00e9riode \u00e0 des fins de service client, mais n&rsquo;utilisons pas les informations soumises par leur interm\u00e9diaire \u00e0 des fins de marketing.<\/p>\n\n\n\n<h3 class=\"wp-block-heading\"><strong>Newsletter<\/strong><\/h3>\n\n\n\n<p>Lorsque vous choisissez de vous abonner avec votre adresse e-mail, vous recevrez sporadiquement des e-mails de notre part, concernant des promotions ou des nouvelles pertinentes sur notre marque et notre boutique, de nouveaux produits, des concours, etc.<\/p>\n\n\n\n<p>Nous ne partageons pas vos donn\u00e9es avec un autre site Web \u00e0 des fins de marketing ou \u00e0 d&rsquo;autres fins, et stockons en toute s\u00e9curit\u00e9 votre adresse e-mail et ( si fourni) votre nom, aux fins de la newsletter elle-m\u00eame.<\/p>\n\n\n\n<p>Vous pouvez annuler votre abonnement \u00e0 tout moment, en suivant le lien sur chaque email que nous vous envoyons ou sur votre page de profil (li\u00e9 sur l&#8217;email de bienvenue).<\/p>\n\n\n\n<h3 class=\"wp-block-heading\"><strong>Quelle prise de d\u00e9cision automatis\u00e9e et \/ ou profilage nous faisons avec les donn\u00e9es des utilisateurs<\/strong><\/h3>\n\n\n\n<p>Lors de votre abonnement, vous serez automatiquement ins\u00e9r\u00e9 dans notre liste d&rsquo;abonn\u00e9s et de langues pr\u00e9f\u00e9r\u00e9es ( portugais , anglais ou fran\u00e7ais ) en fonction de la langue dans laquelle vous consultez notre site Web (ou choisie en haut ou en bas de nos pages) au moment de l&rsquo; inscription. . Vous \u00eates libre de changer la langue pr\u00e9f\u00e9r\u00e9e dans votre page de profil (li\u00e9e sur l&rsquo;e-mail de bienvenue).<\/p>\n\n\n\n<h3 class=\"wp-block-heading\"><strong>Cookies<\/strong><\/h3>\n\n\n\n<p>Si vous laissez un commentaire sur notre site, vous pouvez choisir d&rsquo;enregistrer votre nom, votre adresse e-mail et votre site Web dans des cookies. Celles-ci sont pour votre commodit\u00e9 afin que vous n&rsquo;ayez pas \u00e0 saisir \u00e0 nouveau vos coordonn\u00e9es lorsque vous laissez un autre commentaire. Ces cookies dureront un an.<\/p>\n\n\n\n<p>Si vous visitez notre page de connexion, nous installerons un cookie temporaire pour d\u00e9terminer si votre navigateur accepte les cookies. Ce cookie ne contient aucune donn\u00e9e personnelle et est supprim\u00e9 lorsque vous fermez votre navigateur.<\/p>\n\n\n\n<p>Lorsque vous vous connectez, nous installons \u00e9galement plusieurs cookies pour enregistrer vos informations de connexion et vos choix d&rsquo;affichage \u00e0 l&rsquo;\u00e9cran. Les cookies de connexion durent deux jours et les cookies d&rsquo;options d&rsquo;\u00e9cran durent un an. Si vous s\u00e9lectionnez \u00abSe souvenir de moi\u00bb, votre connexion persistera pendant deux semaines. Si vous vous d\u00e9connectez de votre compte, les cookies de connexion seront supprim\u00e9s.<\/p>\n\n\n\n<h3 class=\"wp-block-heading\"><strong>Contenu int\u00e9gr\u00e9 provenant d&rsquo;autres sites Web<\/strong><\/h3>\n\n\n\n<p>Les articles sur ce site peuvent inclure du contenu int\u00e9gr\u00e9 (par exemple des vid\u00e9os, des images, des articles, etc.). Le contenu int\u00e9gr\u00e9 provenant d&rsquo;autres sites Web se comporte exactement de la m\u00eame mani\u00e8re que si le visiteur avait visit\u00e9 l&rsquo;autre site Web.<\/p>\n\n\n\n<p>Ces sites Web peuvent collecter des donn\u00e9es sur vous, utiliser des cookies, int\u00e9grer un suivi tiers suppl\u00e9mentaire et surveiller votre interaction avec ce contenu int\u00e9gr\u00e9, y compris le suivi de votre interaction avec le contenu int\u00e9gr\u00e9 si vous avez un compte et \u00eates connect\u00e9 \u00e0 ce site Web.<\/p>\n\n\n\n<h3 class=\"wp-block-heading\"><strong>Avec qui partageons-nous vos donn\u00e9es<\/strong><\/h3>\n\n\n\n<p>Notre site est prot\u00e9g\u00e9 par le reCAPTCHA de Google : <a href=\"https:\/\/translate.google.com\/translate?hl=en&#038;prev=_t&#038;sl=en&#038;tl=fr&#038;u=https:\/\/policies.google.com\/%3Fhl%3Den_GB\">Confidentialit\u00e9 et conditions<\/a> .<\/p>\n\n\n\n<h2 class=\"wp-block-heading\"><strong>Combien de temps nous conservons vos donn\u00e9es<\/strong><\/h2>\n\n\n\n<p>Si vous laissez un commentaire, le commentaire et ses m\u00e9tadonn\u00e9es sont conserv\u00e9s ind\u00e9finiment. Cela nous permet de reconna\u00eetre et d&rsquo;approuver automatiquement tous les commentaires de suivi au lieu de les conserver dans une file d&rsquo;attente de mod\u00e9ration.<\/p>\n\n\n\n<p>Pour les utilisateurs qui s&rsquo;inscrivent sur notre site Web (le cas \u00e9ch\u00e9ant), nous stockons \u00e9galement les informations personnelles qu&rsquo;ils fournissent dans leur profil d&rsquo;utilisateur. Tous les utilisateurs peuvent voir, modifier ou supprimer leurs informations personnelles \u00e0 tout moment (sauf qu&rsquo;ils ne peuvent pas changer leur nom d&rsquo;utilisateur). Les administrateurs de sites Web peuvent \u00e9galement voir et modifier ces informations.<\/p>\n\n\n\n<h2 class=\"wp-block-heading\"><strong>Quels droits vous avez sur vos donn\u00e9es<\/strong><\/h2>\n\n\n\n<p>Si vous avez un compte sur ce site, ou avez laiss\u00e9 des commentaires, vous pouvez demander \u00e0 recevoir un fichier export\u00e9 des donn\u00e9es personnelles que nous d\u00e9tenons \u00e0 votre sujet, y compris toutes les donn\u00e9es que vous nous avez fournies. Vous pouvez \u00e9galement demander que nous effacions toutes les donn\u00e9es personnelles que nous d\u00e9tenons \u00e0 votre sujet. Cela n&rsquo;inclut pas les donn\u00e9es que nous sommes tenus de conserver \u00e0 des fins administratives, juridiques ou de s\u00e9curit\u00e9.<\/p>\n\n\n\n<h2 class=\"wp-block-heading\"><strong>O\u00f9 nous envoyons nos donn\u00e9es<\/strong><\/h2>\n\n\n\n<p>Les commentaires des visiteurs peuvent \u00eatre v\u00e9rifi\u00e9s via un service de d\u00e9tection de spam automatis\u00e9.<\/p>\n","protected":false},"excerpt":{"rendered":"<p>Qui nous sommes L&rsquo;adresse de notre site Web est: https:\/\/visaoplus.pt Quelles donn\u00e9es personnelles nous collectons et pourquoi Commentaires Lorsque les visiteurs laissent des commentaires sur le site, nous collectons les donn\u00e9es affich\u00e9es dans le formulaire de commentaires, ainsi que l&rsquo;adresse IP du visiteur et la cha\u00eene d&rsquo;agent utilisateur du navigateur pour faciliter la d\u00e9tection du [&hellip;]<\/p>\n","protected":false},"author":1,"featured_media":0,"parent":0,"menu_order":0,"comment_status":"closed","ping_status":"closed","template":"","meta":{"om_disable_all_campaigns":false,"_uag_custom_page_level_css":"","_monsterinsights_skip_tracking":false,"_monsterinsights_sitenote_active":false,"_monsterinsights_sitenote_note":"","_monsterinsights_sitenote_category":0,"site-sidebar-layout":"no-sidebar","site-content-layout":"default","ast-site-content-layout":"default","site-content-style":"default","site-sidebar-style":"default","ast-global-header-display":"","ast-banner-title-visibility":"","ast-main-header-display":"","ast-hfb-above-header-display":"","ast-hfb-below-header-display":"","ast-hfb-mobile-header-display":"","site-post-title":"","ast-breadcrumbs-content":"","ast-featured-img":"","footer-sml-layout":"","ast-disable-related-posts":"","theme-transparent-header-meta":"default","adv-header-id-meta":"","stick-header-meta":"","header-above-stick-meta":"","header-main-stick-meta":"","header-below-stick-meta":"","astra-migrate-meta-layouts":"set","ast-page-background-enabled":"default","ast-page-background-meta":{"desktop":{"background-color":"","background-image":"","background-repeat":"repeat","background-position":"center center","background-size":"auto","background-attachment":"scroll","background-type":"","background-media":"","overlay-type":"","overlay-color":"","overlay-opacity":"","overlay-gradient":""},"tablet":{"background-color":"","background-image":"","background-repeat":"repeat","background-position":"center center","background-size":"auto","background-attachment":"scroll","background-type":"","background-media":"","overlay-type":"","overlay-color":"","overlay-opacity":"","overlay-gradient":""},"mobile":{"background-color":"","background-image":"","background-repeat":"repeat","background-position":"center center","background-size":"auto","background-attachment":"scroll","background-type":"","background-media":"","overlay-type":"","overlay-color":"","overlay-opacity":"","overlay-gradient":""}},"ast-content-background-meta":{"desktop":{"background-color":"var(--ast-global-color-5)","background-image":"","background-repeat":"repeat","background-position":"center center","background-size":"auto","background-attachment":"scroll","background-type":"","background-media":"","overlay-type":"","overlay-color":"","overlay-opacity":"","overlay-gradient":""},"tablet":{"background-color":"var(--ast-global-color-5)","background-image":"","background-repeat":"repeat","background-position":"center center","background-size":"auto","background-attachment":"scroll","background-type":"","background-media":"","overlay-type":"","overlay-color":"","overlay-opacity":"","overlay-gradient":""},"mobile":{"background-color":"var(--ast-global-color-5)","background-image":"","background-repeat":"repeat","background-position":"center center","background-size":"auto","background-attachment":"scroll","background-type":"","background-media":"","overlay-type":"","overlay-color":"","overlay-opacity":"","overlay-gradient":""}},"footnotes":""},"class_list":["post-1533","page","type-page","status-publish","hentry"],"aioseo_notices":[],"uagb_featured_image_src":{"full":false,"thumbnail":false,"medium":false,"medium_large":false,"large":false,"1536x1536":false,"2048x2048":false},"uagb_author_info":{"display_name":"visao","author_link":"https:\/\/visaoplus.pt\/fr\/author\/visao\/"},"uagb_comment_info":0,"uagb_excerpt":"Qui nous sommes L&rsquo;adresse de notre site Web est: https:\/\/visaoplus.pt Quelles donn\u00e9es personnelles nous collectons et pourquoi Commentaires Lorsque les visiteurs laissent des commentaires sur le site, nous collectons les donn\u00e9es affich\u00e9es dans le formulaire de commentaires, ainsi que l&rsquo;adresse IP du visiteur et la cha\u00eene d&rsquo;agent utilisateur du navigateur pour faciliter la d\u00e9tection du\u2026","_links":{"self":[{"href":"https:\/\/visaoplus.pt\/fr\/wp-json\/wp\/v2\/pages\/1533","targetHints":{"allow":["GET"]}}],"collection":[{"href":"https:\/\/visaoplus.pt\/fr\/wp-json\/wp\/v2\/pages"}],"about":[{"href":"https:\/\/visaoplus.pt\/fr\/wp-json\/wp\/v2\/types\/page"}],"author":[{"embeddable":true,"href":"https:\/\/visaoplus.pt\/fr\/wp-json\/wp\/v2\/users\/1"}],"replies":[{"embeddable":true,"href":"https:\/\/visaoplus.pt\/fr\/wp-json\/wp\/v2\/comments?post=1533"}],"version-history":[{"count":1,"href":"https:\/\/visaoplus.pt\/fr\/wp-json\/wp\/v2\/pages\/1533\/revisions"}],"predecessor-version":[{"id":4382,"href":"https:\/\/visaoplus.pt\/fr\/wp-json\/wp\/v2\/pages\/1533\/revisions\/4382"}],"wp:attachment":[{"href":"https:\/\/visaoplus.pt\/fr\/wp-json\/wp\/v2\/media?parent=1533"}],"curies":[{"name":"wp","href":"https:\/\/api.w.org\/{rel}","templated":true}]}}